{"id":19,"date":"2021-08-11T13:51:43","date_gmt":"2021-08-11T11:51:43","guid":{"rendered":"https:\/\/serwer1379752.home.pl\/kancelaria_ik\/?page_id=19"},"modified":"2021-08-19T11:02:48","modified_gmt":"2021-08-19T09:02:48","slug":"o-nas","status":"publish","type":"page","link":"https:\/\/kancelariarachunkowapoznan.eu\/","title":{"rendered":"O nas"},"content":{"rendered":"\n<p id=\"u436-2\"><strong><span style=\"color:#17582b\" class=\"has-inline-color\">Kancelaria Rachunkowa \u2013 Partner w Rozwoju Twojej Firmy, Bezpiecze\u0144stwo i Profesjonalizm<\/span><\/strong><\/p>\n\n\n\n<p>Kancelaria Rachunkowa powsta\u0142a z my\u015bl\u0105 o zaspokojeniu wzrastaj\u0105cych potrzeb Naszych Klient\u00f3w, kt\u00f3rzy oczekuj\u0105 od nas ju\u017c nie tylko podstawowych czynno\u015bci ksi\u0119gowych, ale przede wszystkim kompleksowych dzia\u0142a\u0144 wspieraj\u0105cych rozw\u00f3j firmy.<\/p>\n\n\n\n<p>Obecnie bardzo wa\u017cnym elementem dobrze zarz\u0105dzanego przedsi\u0119biorstwa jest nie tylko rzetelnie prowadzona ksi\u0119gowo\u015b\u0107 i prawid\u0142owo wyliczane podatki, ale tak\u017ce raporty, sta\u0142y dost\u0119p do danych finansowych oraz wdra\u017canie rozwi\u0105za\u0144 zwi\u0119kszaj\u0105cych efektywno\u015b\u0107 zarz\u0105dzania finansami.<\/p>\n\n\n\n<p>Jeste\u015bmy zespo\u0142em os\u00f3b solidnie wykszta\u0142conych, a przede wszystkim do\u015bwiadczonych w prowadzeniu ksi\u0119gowo\u015bci oraz kadr i p\u0142ac firm z r\u00f3\u017cnych bran\u017c. Potwierdzaj\u0105 to dyplomy uko\u0144czonych uczelni, do\u015bwiadczenie oraz posiadane certyfikaty. Ponadto posiadamy ubezpieczenie od odpowiedzialno\u015bci cywilnej z tytu\u0142y \u015bwiadczonych przez nas us\u0142ug, zabezpieczaj\u0105ce interesy naszych Klient\u00f3w. Nasi Klienci w ka\u017cdej chwili mog\u0105 liczy\u0107 na wsparcie w zakresie podejmowanych decyzji podatkowych, inwestycyjnych, kadrowych i innych. Jeste\u015bmy stale do dyspozycji Klient\u00f3w.<\/p>\n\n\n\n<p class=\"has-text-align-right\" id=\"u436-18\">Zapraszamy do wsp\u00f3\u0142pracy.<\/p>\n","protected":false},"excerpt":{"rendered":"<p>Kancelaria Rachunkowa \u2013 Partner w Rozwoju Twojej Firmy, Bezpiecze\u0144stwo i Profesjonalizm Kancelaria Rachunkowa powsta\u0142a z my\u015bl\u0105 o zaspokojeniu wzrastaj\u0105cych potrzeb Naszych Klient\u00f3w, kt\u00f3rzy oczekuj\u0105 od nas ju\u017c nie tylko podstawowych czynno\u015bci ksi\u0119gowych, ale przede wszystkim kompleksowych dzia\u0142a\u0144 wspieraj\u0105cych rozw\u00f3j firmy. Obecnie bardzo wa\u017cnym elementem dobrze zarz\u0105dzanego przedsi\u0119biorstwa jest nie tylko rzetelnie prowadzona ksi\u0119gowo\u015b\u0107 i prawid\u0142owo [&hellip;]<\/p>\n","protected":false},"author":1,"featured_media":29,"parent":0,"menu_order":0,"comment_status":"closed","ping_status":"closed","template":"","meta":{"footnotes":""},"class_list":["post-19","page","type-page","status-publish","has-post-thumbnail","hentry"],"_links":{"self":[{"href":"https:\/\/kancelariarachunkowapoznan.eu\/index.php\/wp-json\/wp\/v2\/pages\/19","targetHints":{"allow":["GET"]}}],"collection":[{"href":"https:\/\/kancelariarachunkowapoznan.eu\/index.php\/wp-json\/wp\/v2\/pages"}],"about":[{"href":"https:\/\/kancelariarachunkowapoznan.eu\/index.php\/wp-json\/wp\/v2\/types\/page"}],"author":[{"embeddable":true,"href":"https:\/\/kancelariarachunkowapoznan.eu\/index.php\/wp-json\/wp\/v2\/users\/1"}],"replies":[{"embeddable":true,"href":"https:\/\/kancelariarachunkowapoznan.eu\/index.php\/wp-json\/wp\/v2\/comments?post=19"}],"version-history":[{"count":7,"href":"https:\/\/kancelariarachunkowapoznan.eu\/index.php\/wp-json\/wp\/v2\/pages\/19\/revisions"}],"predecessor-version":[{"id":83,"href":"https:\/\/kancelariarachunkowapoznan.eu\/index.php\/wp-json\/wp\/v2\/pages\/19\/revisions\/83"}],"wp:featuredmedia":[{"embeddable":true,"href":"https:\/\/kancelariarachunkowapoznan.eu\/index.php\/wp-json\/wp\/v2\/media\/29"}],"wp:attachment":[{"href":"https:\/\/kancelariarachunkowapoznan.eu\/index.php\/wp-json\/wp\/v2\/media?parent=19"}],"curies":[{"name":"wp","href":"https:\/\/api.w.org\/{rel}","templated":true}]}}